{"id":701,"date":"2017-07-03T10:30:29","date_gmt":"2017-07-03T08:30:29","guid":{"rendered":"http:\/\/localhost:8888\/mda\/infos-pratiques\/equipe-et-contacts\/"},"modified":"2022-06-30T10:27:08","modified_gmt":"2022-06-30T08:27:08","slug":"team-and-contacts","status":"publish","type":"page","link":"https:\/\/lamaisondesarts.be\/en\/practical-info\/team-and-contacts\/","title":{"rendered":"Team and contacts"},"content":{"rendered":"<p><strong>Nathalie Berghmans<\/strong><br \/>\nCULTURE SERVICE MANAGER<br \/>\n+32 2 240 34 88<br \/>\n<a href=\"mailto:nberghmans@1030.be\">nberghmans@1030.be<\/a><\/p>\n<p><strong>Lauren Visse<\/strong><br \/>\nPERMANENT CO-ORDINATOR<br \/>\n+32 2 240 34 85<br \/>\n<a href=\"mailto:lvisse@1030.be\">lvisse@1030.be<\/a><\/p>\n<p><strong>Anne-C\u00e9cile Mar\u00e9chal<\/strong><br \/>\nARTS PROGRAMME MANAGER<br \/>\n+32 2 240 34 82<br \/>\n<a href=\"mailto:acmarechal@schaerbeek.irisnet.be\">acmarechal@schaerbeek.irisnet.be<\/a><\/p>\n<p><strong>V\u00e9ronique Baccarini<\/strong><br \/>\nARTS PROGRAMME MANAGER AND COUNCIL HERITAGE (ART COLLECTION) MANAGER<br \/>\n+32 2 240 34 86<br \/>\n<a href=\"mailto:vbaccarini@schaerbeek.irisnet.be\">vbaccarini@schaerbeek.irisnet.be<\/a><\/p>\n<p><strong>Chlo\u00e9 Peretti<\/strong><br \/>\nPARTNERSHIPS PROJECT MANAGER<br \/>\n02\/240 34 87<br \/>\n<a href=\"mailto:cperetti@schaerbeek.irisnet.be\">cperetti@schaerbeek.irisnet.be<\/a><\/p>\n<p><strong>Val\u00e9rie Weichselbaum<\/strong><br \/>\nPROJECT MANAGER<br \/>\n+32 2 240 34 84<br \/>\n<a href=\"mailto:vweichselbaum@schaerbeek.irisnet.be\">vweichselbaum@schaerbeek.irisnet.be<\/a><\/p>\n<p><strong>General informations<\/strong><br \/>\n02\/240 34 99<br \/>\n<a href=\"mailto:info@lamaisondesarts.be\">info@lamaisondesarts.be<\/a><\/p>\n","protected":false},"excerpt":{"rendered":"<p>Nathalie Berghmans CULTURE SERVICE MANAGER +32 2 240 34 88 nberghmans@1030.be Lauren Visse PERMANENT CO-ORDINATOR +32 2 240 34 85 lvisse@1030.be Anne-C\u00e9cile Mar\u00e9chal ARTS PROGRAMME MANAGER +32 2 240 34 82 acmarechal@schaerbeek.irisnet.be V\u00e9ronique Baccarini ARTS PROGRAMME MANAGER AND COUNCIL HERITAGE (ART COLLECTION) MANAGER +32 2 240 34 86 vbaccarini@schaerbeek.irisnet.be Chlo\u00e9 Peretti PARTNERSHIPS PROJECT MANAGER 02\/240 &hellip; <a href=\"https:\/\/lamaisondesarts.be\/en\/practical-info\/team-and-contacts\/\" class=\"more-link\">Continue reading <span class=\"screen-reader-text\">Team and contacts<\/span><\/a><\/p>\n","protected":false},"author":1,"featured_media":6051,"parent":699,"menu_order":0,"comment_status":"closed","ping_status":"closed","template":"page-equipe.php","meta":{"_acf_changed":false,"footnotes":""},"class_list":["post-701","page","type-page","status-publish","has-post-thumbnail","hentry"],"acf":[],"aioseo_notices":[],"_links":{"self":[{"href":"https:\/\/lamaisondesarts.be\/en\/wp-json\/wp\/v2\/pages\/701","targetHints":{"allow":["GET"]}}],"collection":[{"href":"https:\/\/lamaisondesarts.be\/en\/wp-json\/wp\/v2\/pages"}],"about":[{"href":"https:\/\/lamaisondesarts.be\/en\/wp-json\/wp\/v2\/types\/page"}],"author":[{"embeddable":true,"href":"https:\/\/lamaisondesarts.be\/en\/wp-json\/wp\/v2\/users\/1"}],"replies":[{"embeddable":true,"href":"https:\/\/lamaisondesarts.be\/en\/wp-json\/wp\/v2\/comments?post=701"}],"version-history":[{"count":6,"href":"https:\/\/lamaisondesarts.be\/en\/wp-json\/wp\/v2\/pages\/701\/revisions"}],"predecessor-version":[{"id":4944,"href":"https:\/\/lamaisondesarts.be\/en\/wp-json\/wp\/v2\/pages\/701\/revisions\/4944"}],"up":[{"embeddable":true,"href":"https:\/\/lamaisondesarts.be\/en\/wp-json\/wp\/v2\/pages\/699"}],"wp:featuredmedia":[{"embeddable":true,"href":"https:\/\/lamaisondesarts.be\/en\/wp-json\/wp\/v2\/media\/6051"}],"wp:attachment":[{"href":"https:\/\/lamaisondesarts.be\/en\/wp-json\/wp\/v2\/media?parent=701"}],"curies":[{"name":"wp","href":"https:\/\/api.w.org\/{rel}","templated":true}]}}