{"id":700,"date":"2017-07-03T10:30:29","date_gmt":"2017-07-03T08:30:29","guid":{"rendered":"http:\/\/localhost:8888\/mda\/infos-pratiques\/equipe-et-contacts\/"},"modified":"2017-08-29T13:57:11","modified_gmt":"2017-08-29T11:57:11","slug":"team-en-contacten","status":"publish","type":"page","link":"https:\/\/lamaisondesarts.be\/nl\/praktische-informatie\/team-en-contacten\/","title":{"rendered":"Team en contacten"},"content":{"rendered":"<p><strong>Nathalie Berghmans<\/strong><br \/>\nResponsable du Service Culture<br \/>\n+32 2 240 34 88<br \/>\n<a href=\"mailto:nberghmans@schaerbeek.irisnet.be\">nberghmans@schaerbeek.irisnet.be<\/a><\/p>\n<p><strong>Alexandra de Behault<\/strong><br \/>\nCoordinatrice de l\u2019asbl \u2018Les Amis de la Maison des Arts\u2019<br \/>\n+32 2 240 34 85<br \/>\n<a href=\"mailto:adebehault@lamaisondesarts.be\">adebehault@lamaisondesarts.be<\/a><\/p>\n<p><strong>Anne-C\u00e9cile Mar\u00e9chal<\/strong><br \/>\nProgrammation section Art Plastique<br \/>\n+32 2 240 34 82<br \/>\n<a href=\"mailto:acmarechal@schaerbeek.irisnet.be\">acmarechal@schaerbeek.irisnet.be<\/a><\/p>\n<p><strong>V\u00e9ronique Baccarini<\/strong><br \/>\nProgrammation section Art Plastique et gestion patrimoine communal (collection artistique)<br \/>\n+32 2 240 34 86<br \/>\n<a href=\"mailto:vbaccarini@schaerbeek.irisnet.be\">vbaccarini@schaerbeek.irisnet.be<\/a><\/p>\n<p><strong>Chlo\u00e9 Peretti<\/strong><br \/>\nProgrammation &#8211; M\u00e9diation<br \/>\n02\/240 34 87<br \/>\n<a href=\"mailto:cperetti@schaerbeek.irisnet.be\">cperetti@schaerbeek.irisnet.be<\/a><\/p>\n<p><strong>Val\u00e9rie Weichselbaum<\/strong><br \/>\nCharg\u00e9 de projet<br \/>\n+32 2 240 34 84<br \/>\n<a href=\"mailto:vweichselbaum@schaerbeek.irisnet.be\">vweichselbaum@schaerbeek.irisnet.be<\/a><\/p>\n<p><strong>Informations g\u00e9n\u00e9rales<\/strong><br \/>\n02\/240 34 99<br \/>\n<a href=\"mailto:info@lamaisondesarts.be\">info@lamaisondesarts.be<\/a><\/p>\n","protected":false},"excerpt":{"rendered":"<p>Nathalie Berghmans Responsable du Service Culture +32 2 240 34 88 nberghmans@schaerbeek.irisnet.be Alexandra de Behault Coordinatrice de l\u2019asbl \u2018Les Amis de la Maison des Arts\u2019 +32 2 240 34 85 adebehault@lamaisondesarts.be Anne-C\u00e9cile Mar\u00e9chal Programmation section Art Plastique +32 2 240 34 82 acmarechal@schaerbeek.irisnet.be V\u00e9ronique Baccarini Programmation section Art Plastique et gestion patrimoine communal (collection artistique) &hellip; <a href=\"https:\/\/lamaisondesarts.be\/nl\/praktische-informatie\/team-en-contacten\/\" class=\"more-link\">Continue reading <span class=\"screen-reader-text\">Team en contacten<\/span><\/a><\/p>\n","protected":false},"author":1,"featured_media":654,"parent":698,"menu_order":0,"comment_status":"closed","ping_status":"closed","template":"page-equipe.php","meta":{"_acf_changed":false,"footnotes":""},"class_list":["post-700","page","type-page","status-publish","has-post-thumbnail","hentry"],"acf":[],"aioseo_notices":[],"_links":{"self":[{"href":"https:\/\/lamaisondesarts.be\/nl\/wp-json\/wp\/v2\/pages\/700","targetHints":{"allow":["GET"]}}],"collection":[{"href":"https:\/\/lamaisondesarts.be\/nl\/wp-json\/wp\/v2\/pages"}],"about":[{"href":"https:\/\/lamaisondesarts.be\/nl\/wp-json\/wp\/v2\/types\/page"}],"author":[{"embeddable":true,"href":"https:\/\/lamaisondesarts.be\/nl\/wp-json\/wp\/v2\/users\/1"}],"replies":[{"embeddable":true,"href":"https:\/\/lamaisondesarts.be\/nl\/wp-json\/wp\/v2\/comments?post=700"}],"version-history":[{"count":2,"href":"https:\/\/lamaisondesarts.be\/nl\/wp-json\/wp\/v2\/pages\/700\/revisions"}],"predecessor-version":[{"id":774,"href":"https:\/\/lamaisondesarts.be\/nl\/wp-json\/wp\/v2\/pages\/700\/revisions\/774"}],"up":[{"embeddable":true,"href":"https:\/\/lamaisondesarts.be\/nl\/wp-json\/wp\/v2\/pages\/698"}],"wp:featuredmedia":[{"embeddable":true,"href":"https:\/\/lamaisondesarts.be\/nl\/wp-json\/wp\/v2\/media\/654"}],"wp:attachment":[{"href":"https:\/\/lamaisondesarts.be\/nl\/wp-json\/wp\/v2\/media?parent=700"}],"curies":[{"name":"wp","href":"https:\/\/api.w.org\/{rel}","templated":true}]}}